{"id":1735,"date":"2024-01-29T03:03:56","date_gmt":"2024-01-29T03:03:56","guid":{"rendered":"https:\/\/monografacil.com.br\/loja\/?page_id=1735"},"modified":"2024-03-26T05:00:12","modified_gmt":"2024-03-26T05:00:12","slug":"checkout","status":"publish","type":"page","link":"https:\/\/www.monografacil.com.br\/loja\/checkout\/","title":{"rendered":"Checkout Monograf\u00e1cil"},"content":{"rendered":"\t\t<div data-elementor-type=\"wp-page\" data-elementor-id=\"1735\" class=\"elementor elementor-1735\" data-elementor-post-type=\"page\">\n\t\t\t\t<div class=\"elementor-element elementor-element-fad2eb5 e-flex e-con-boxed e-con e-parent\" data-id=\"fad2eb5\" data-element_type=\"container\" data-settings=\"{&quot;background_background&quot;:&quot;classic&quot;}\">\n\t\t\t\t\t<div class=\"e-con-inner\">\n\t\t\t\t<div class=\"elementor-element elementor-element-649ce26 elementor-widget__width-initial e-checkout-layout-one-column elementor-widget elementor-widget-woocommerce-checkout-page\" data-id=\"649ce26\" data-element_type=\"widget\" data-widget_type=\"woocommerce-checkout-page.default\">\n\t\t\t\t<div class=\"elementor-widget-container\">\n\t\t\t\t\t<div class=\"woocommerce\"><\/div>\t\t\t\t<\/div>\n\t\t\t\t<\/div>\n\t\t\t\t\t<\/div>\n\t\t\t\t<\/div>\n\t\t\t\t<\/div>\n\t\t","protected":false},"excerpt":{"rendered":"<p>Dados de Pagamento Nome&nbsp;* Sobrenome&nbsp;* Tipo de Pessoa&nbsp;(opcional)Pessoa F\u00edsicaPessoa Jur\u00eddica CPF&nbsp;(opcional) CNPJ&nbsp;(opcional) Estado&nbsp;*Selecione uma op\u00e7\u00e3o&hellip;AcreAlagoasAmap\u00e1AmazonasBahiaCear\u00e1Distrito FederalEsp\u00edrito SantoGoi\u00e1sMaranh\u00e3oMato GrossoMato Grosso do SulMinas GeraisPar\u00e1Para\u00edbaParan\u00e1PernambucoPiau\u00edRio de JaneiroRio Grande do NorteRio Grande do SulRond\u00f4niaRoraimaSanta CatarinaS\u00e3o PauloSergipeTocantins Celular&nbsp;* Email&nbsp;* Observa\u00e7\u00f5es Observa\u00e7\u00f5es&nbsp;(opcional) Dados do Pedido Produto Subtotal Subtotal &#82;&#36;&nbsp;0,00 Total &#82;&#36;&nbsp;0,00 Seu navegador n\u00e3o suporta JavaScript ou ele est\u00e1 desativado. Certifique-se [&hellip;]<\/p>\n","protected":false},"author":1,"featured_media":0,"parent":0,"menu_order":0,"comment_status":"closed","ping_status":"closed","template":"elementor_header_footer","meta":{"footnotes":""},"_links":{"self":[{"href":"https:\/\/www.monografacil.com.br\/loja\/wp-json\/wp\/v2\/pages\/1735"}],"collection":[{"href":"https:\/\/www.monografacil.com.br\/loja\/wp-json\/wp\/v2\/pages"}],"about":[{"href":"https:\/\/www.monografacil.com.br\/loja\/wp-json\/wp\/v2\/types\/page"}],"author":[{"embeddable":true,"href":"https:\/\/www.monografacil.com.br\/loja\/wp-json\/wp\/v2\/users\/1"}],"replies":[{"embeddable":true,"href":"https:\/\/www.monografacil.com.br\/loja\/wp-json\/wp\/v2\/comments?post=1735"}],"version-history":[{"count":0,"href":"https:\/\/www.monografacil.com.br\/loja\/wp-json\/wp\/v2\/pages\/1735\/revisions"}],"wp:attachment":[{"href":"https:\/\/www.monografacil.com.br\/loja\/wp-json\/wp\/v2\/media?parent=1735"}],"curies":[{"name":"wp","href":"https:\/\/api.w.org\/{rel}","templated":true}]}}