{"id":1555,"date":"2024-01-28T20:36:41","date_gmt":"2024-01-28T20:36:41","guid":{"rendered":"https:\/\/monografacil.com.br\/loja\/?post_type=product&#038;p=1555"},"modified":"2024-04-24T02:31:43","modified_gmt":"2024-04-24T02:31:43","slug":"orientacao-academica","status":"publish","type":"product","link":"https:\/\/www.monografacil.com.br\/loja\/orientacao-academica\/","title":{"rendered":"Orienta\u00e7\u00e3o Acad\u00eamica"},"content":{"rendered":"<div class=\"elementor-price-list-text\">\n<p class=\"elementor-price-list-description\">Pacote contendo 04 encontros, com dura\u00e7\u00e3o de 01 hora cada, atrav\u00e9s de v\u00eddeochamada, podendo ser distribu\u00eddas a crit\u00e9rio\/necessidade do cliente, conforme disponibilidade da equipe Monograf\u00e1cil.<\/p>\n<\/div>\n","protected":false},"excerpt":{"rendered":"<div class=\"elementor-price-list-text\">\n<p class=\"elementor-price-list-description\">Pacote contendo 04 encontros, com dura\u00e7\u00e3o de 01 hora cada, atrav\u00e9s de v\u00eddeochamada, podendo ser distribu\u00eddas a crit\u00e9rio\/necessidade do cliente, conforme disponibilidade da equipe Monograf\u00e1cil.<\/p>\n<\/div>\n","protected":false},"featured_media":3336,"comment_status":"open","ping_status":"closed","template":"","meta":[],"product_cat":[21],"product_tag":[],"_links":{"self":[{"href":"https:\/\/www.monografacil.com.br\/loja\/wp-json\/wp\/v2\/product\/1555"}],"collection":[{"href":"https:\/\/www.monografacil.com.br\/loja\/wp-json\/wp\/v2\/product"}],"about":[{"href":"https:\/\/www.monografacil.com.br\/loja\/wp-json\/wp\/v2\/types\/product"}],"replies":[{"embeddable":true,"href":"https:\/\/www.monografacil.com.br\/loja\/wp-json\/wp\/v2\/comments?post=1555"}],"wp:featuredmedia":[{"embeddable":true,"href":"https:\/\/www.monografacil.com.br\/loja\/wp-json\/wp\/v2\/media\/3336"}],"wp:attachment":[{"href":"https:\/\/www.monografacil.com.br\/loja\/wp-json\/wp\/v2\/media?parent=1555"}],"wp:term":[{"taxonomy":"product_cat","embeddable":true,"href":"https:\/\/www.monografacil.com.br\/loja\/wp-json\/wp\/v2\/product_cat?post=1555"},{"taxonomy":"product_tag","embeddable":true,"href":"https:\/\/www.monografacil.com.br\/loja\/wp-json\/wp\/v2\/product_tag?post=1555"}],"curies":[{"name":"wp","href":"https:\/\/api.w.org\/{rel}","templated":true}]}}