{"id":698,"date":"2024-01-23T19:35:14","date_gmt":"2024-01-23T19:35:14","guid":{"rendered":"https:\/\/monografacil.com.br\/loja\/?post_type=product&#038;p=698"},"modified":"2024-04-24T02:12:51","modified_gmt":"2024-04-24T02:12:51","slug":"slides","status":"publish","type":"product","link":"https:\/\/www.monografacil.com.br\/loja\/slides\/","title":{"rendered":"Apresenta\u00e7\u00e3o de Slides 15 pgs"},"content":{"rendered":"<div class=\"elementor-price-list-text\">\n<p class=\"elementor-price-list-description\">Contempla a elabora\u00e7\u00e3o de at\u00e9 15 slides + roteiro de apresenta\u00e7\u00e3o para o projeto contratado.<\/p>\n<\/div>\n","protected":false},"excerpt":{"rendered":"<div class=\"elementor-price-list-text\">\n<p class=\"elementor-price-list-description\">Contempla a elabora\u00e7\u00e3o de at\u00e9 15 slides + roteiro de apresenta\u00e7\u00e3o para o projeto contratado.<\/p>\n<\/div>\n","protected":false},"featured_media":3337,"comment_status":"open","ping_status":"closed","template":"","meta":[],"product_cat":[21],"product_tag":[],"_links":{"self":[{"href":"https:\/\/www.monografacil.com.br\/loja\/wp-json\/wp\/v2\/product\/698"}],"collection":[{"href":"https:\/\/www.monografacil.com.br\/loja\/wp-json\/wp\/v2\/product"}],"about":[{"href":"https:\/\/www.monografacil.com.br\/loja\/wp-json\/wp\/v2\/types\/product"}],"replies":[{"embeddable":true,"href":"https:\/\/www.monografacil.com.br\/loja\/wp-json\/wp\/v2\/comments?post=698"}],"wp:featuredmedia":[{"embeddable":true,"href":"https:\/\/www.monografacil.com.br\/loja\/wp-json\/wp\/v2\/media\/3337"}],"wp:attachment":[{"href":"https:\/\/www.monografacil.com.br\/loja\/wp-json\/wp\/v2\/media?parent=698"}],"wp:term":[{"taxonomy":"product_cat","embeddable":true,"href":"https:\/\/www.monografacil.com.br\/loja\/wp-json\/wp\/v2\/product_cat?post=698"},{"taxonomy":"product_tag","embeddable":true,"href":"https:\/\/www.monografacil.com.br\/loja\/wp-json\/wp\/v2\/product_tag?post=698"}],"curies":[{"name":"wp","href":"https:\/\/api.w.org\/{rel}","templated":true}]}}