{"id":703,"date":"2024-01-23T20:02:06","date_gmt":"2024-01-23T20:02:06","guid":{"rendered":"https:\/\/monografacil.com.br\/loja\/?post_type=product&#038;p=703"},"modified":"2024-04-24T02:09:28","modified_gmt":"2024-04-24T02:09:28","slug":"01-correcao","status":"publish","type":"product","link":"https:\/\/www.monografacil.com.br\/loja\/01-correcao\/","title":{"rendered":"01 Corre\u00e7\u00e3o"},"content":{"rendered":"<div class=\"elementor-price-list-text\">\n<p class=\"elementor-price-list-description\">Contempla 01 corre\u00e7\u00e3o do projeto, dentro do conte\u00fado da contrata\u00e7\u00e3o. Valores a partir de R$ 165,00.<\/p>\n<\/div>\n","protected":false},"excerpt":{"rendered":"<p>Contempla 01 corre\u00e7\u00e3o do projeto, dentro do conte\u00fado da contrata\u00e7\u00e3o. Valores a partir de R$ 165,00.<\/p>\n","protected":false},"featured_media":3338,"comment_status":"open","ping_status":"closed","template":"","meta":[],"product_cat":[21],"product_tag":[],"_links":{"self":[{"href":"https:\/\/www.monografacil.com.br\/loja\/wp-json\/wp\/v2\/product\/703"}],"collection":[{"href":"https:\/\/www.monografacil.com.br\/loja\/wp-json\/wp\/v2\/product"}],"about":[{"href":"https:\/\/www.monografacil.com.br\/loja\/wp-json\/wp\/v2\/types\/product"}],"replies":[{"embeddable":true,"href":"https:\/\/www.monografacil.com.br\/loja\/wp-json\/wp\/v2\/comments?post=703"}],"wp:featuredmedia":[{"embeddable":true,"href":"https:\/\/www.monografacil.com.br\/loja\/wp-json\/wp\/v2\/media\/3338"}],"wp:attachment":[{"href":"https:\/\/www.monografacil.com.br\/loja\/wp-json\/wp\/v2\/media?parent=703"}],"wp:term":[{"taxonomy":"product_cat","embeddable":true,"href":"https:\/\/www.monografacil.com.br\/loja\/wp-json\/wp\/v2\/product_cat?post=703"},{"taxonomy":"product_tag","embeddable":true,"href":"https:\/\/www.monografacil.com.br\/loja\/wp-json\/wp\/v2\/product_tag?post=703"}],"curies":[{"name":"wp","href":"https:\/\/api.w.org\/{rel}","templated":true}]}}